{"id":18418,"date":"2026-03-04T15:46:06","date_gmt":"2026-03-04T15:46:06","guid":{"rendered":"https:\/\/electromove.pt\/?page_id=18418"},"modified":"2026-03-04T15:46:06","modified_gmt":"2026-03-04T15:46:06","slug":"shop-safely-with-klarna-at-electromove","status":"publish","type":"page","link":"https:\/\/electromove.pt\/pt\/shop-safely-with-klarna-at-electromove\/","title":{"rendered":"Comprar com seguran\u00e7a com Klarna no Electromove"},"content":{"rendered":"<p>No Electromove.pt, a sua seguran\u00e7a e paz de esp\u00edrito est\u00e3o em primeiro lugar. \u00c9 por isso que oferecemos Klarna, um dos fornecedores de pagamento mais fi\u00e1veis da Europa, para que possa fazer as suas compras com seguran\u00e7a e confian\u00e7a.<\/p>\n\n\n\n<h3 class=\"wp-block-heading\">Porque utilizamos <a href=\"https:\/\/www.klarna.com\/ie\/\">Klarna<\/a><\/h3>\n\n\n\n<p>Klarna oferece-lhe prote\u00e7\u00e3o total do comprador e op\u00e7\u00f5es de pagamento flex\u00edveis. Nunca ter\u00e1 de se preocupar em pagar por algo antes de se sentir seguro.<\/p>\n\n\n\n<p>Ao escolher Klarna, pode<\/p>\n\n\n\n<p>- Pagamento ap\u00f3s a entrega<br>- Dividir o seu pagamento em presta\u00e7\u00f5es<br>- Utilizar encripta\u00e7\u00e3o segura ao n\u00edvel do banco<br>- Receber prote\u00e7\u00e3o do comprador em todas as encomendas<\/p>\n\n\n\n<p>A Klarna trata do seu pagamento de forma segura, pelo que os seus dados financeiros nunca s\u00e3o partilhados connosco.<\/p>\n\n\n\n<h3 class=\"wp-block-heading\">O que significa pagar ap\u00f3s a entrega<\/h3>\n\n\n\n<p>Com Klarna, pode efetuar a sua encomenda, receber os seus artigos e analis\u00e1-los antes de concluir o pagamento. Isto d\u00e1-lhe total controlo e paz de esp\u00edrito quando faz compras no Electromove.<\/p>\n\n\n\n<h3 class=\"wp-block-heading\">Prote\u00e7\u00e3o do comprador<\/h3>\n\n\n\n<p>Todas as compras efectuadas com a Klarna incluem a prote\u00e7\u00e3o do comprador.<\/p>\n\n\n\n<p>Se algo n\u00e3o estiver bem, pode interromper o pagamento e contactar o servi\u00e7o de apoio Klarna para resolver o problema antes de efetuar o pagamento. A sua seguran\u00e7a \u00e9 sempre a prioridade.<\/p>\n\n\n\n<h3 class=\"wp-block-heading\">Checkout seguro<\/h3>\n\n\n\n<p>O nosso processo de checkout est\u00e1 protegido por encripta\u00e7\u00e3o SSL e processamento seguro de pagamentos. N\u00e3o guardamos o seu cart\u00e3o ou dados banc\u00e1rios.<\/p>\n\n\n\n<h3 class=\"wp-block-heading\">Comprar com confian\u00e7a<\/h3>\n\n\n\n<p>Compreendemos que as compras online requerem confian\u00e7a. \u00c9 por isso que trabalhamos com a Klarna para que se possa sentir completamente seguro ao comprar no Electromove.pt.<\/p>\n\n\n\n<p>Se tiver alguma d\u00favida sobre os pagamentos, a nossa equipa de apoio est\u00e1 sempre dispon\u00edvel para ajudar.<\/p>","protected":false},"excerpt":{"rendered":"<p>At Electromove.pt, your security and peace of mind come first. That is why we offer Klarna, one of Europe\u2019s most trusted payment providers, so you can shop safely and confidently. Why We Use Klarna Klarna gives you full buyer protection and flexible payment options. You never have to worry about paying for something before you [&hellip;]<\/p>\n","protected":false},"author":1,"featured_media":0,"parent":0,"menu_order":0,"comment_status":"closed","ping_status":"closed","template":"","meta":{"pagelayer_contact_templates":[],"_pagelayer_content":"","footnotes":""},"class_list":["post-18418","page","type-page","status-publish","hentry"],"_links":{"self":[{"href":"https:\/\/electromove.pt\/pt\/wp-json\/wp\/v2\/pages\/18418","targetHints":{"allow":["GET"]}}],"collection":[{"href":"https:\/\/electromove.pt\/pt\/wp-json\/wp\/v2\/pages"}],"about":[{"href":"https:\/\/electromove.pt\/pt\/wp-json\/wp\/v2\/types\/page"}],"author":[{"embeddable":true,"href":"https:\/\/electromove.pt\/pt\/wp-json\/wp\/v2\/users\/1"}],"replies":[{"embeddable":true,"href":"https:\/\/electromove.pt\/pt\/wp-json\/wp\/v2\/comments?post=18418"}],"version-history":[{"count":1,"href":"https:\/\/electromove.pt\/pt\/wp-json\/wp\/v2\/pages\/18418\/revisions"}],"predecessor-version":[{"id":18419,"href":"https:\/\/electromove.pt\/pt\/wp-json\/wp\/v2\/pages\/18418\/revisions\/18419"}],"wp:attachment":[{"href":"https:\/\/electromove.pt\/pt\/wp-json\/wp\/v2\/media?parent=18418"}],"curies":[{"name":"wp","href":"https:\/\/api.w.org\/{rel}","templated":true}]}}