{"id":18194,"date":"2025-07-13T03:36:55","date_gmt":"2025-07-13T03:36:55","guid":{"rendered":"https:\/\/electromove.pt\/?page_id=18194"},"modified":"2026-03-04T15:05:26","modified_gmt":"2026-03-04T15:05:26","slug":"delivery-information","status":"publish","type":"page","link":"https:\/\/electromove.pt\/pt\/delivery-information\/","title":{"rendered":"Prazos de entrega"},"content":{"rendered":"<p>Apresentamos <strong>Electromove.pt<\/strong> Os prazos de entrega est\u00e3o claramente indicados em cada produto no nosso s\u00edtio Web. Estes prazos s\u00e3o estimativas e podem variar consoante o produto e a esta\u00e7\u00e3o do ano.<\/p>\n\n\n\n<p>Durante per\u00edodos de grande aflu\u00eancia - como feriados ou alturas de grande procura - a entrega pode demorar um pouco mais. Se isso acontecer, inform\u00e1-lo-emos de imediato.<\/p>\n\n\n\n<p>Alguns dias depois de confirmarmos a sua encomenda, receber\u00e1 uma hiperliga\u00e7\u00e3o de seguimento da nossa transportadora para que possa seguir facilmente o seu envio.<\/p>\n\n\n\n<p>As encomendas efectuadas durante a semana s\u00e3o processadas no dia \u00fatil seguinte. As encomendas efectuadas aos fins-de-semana ou feriados s\u00e3o tratadas no dia \u00fatil seguinte.<\/p>\n\n\n\n<p>Se tiver alguma d\u00favida, envie-nos um e-mail para <strong><a>info@e<\/a><\/strong>lectromove.pt. Teremos todo o gosto em ajudar.<\/p>","protected":false},"excerpt":{"rendered":"<p>We display Electromove.pt delivery times clearly under each product on our website. These times are estimates and may vary depending on the product and season. During busy periods\u2014such as holidays or times of high demand\u2014delivery may take a little longer. If that happens, we\u2019ll let you know right away. A few days after we confirm [&hellip;]<\/p>\n","protected":false},"author":1,"featured_media":0,"parent":0,"menu_order":0,"comment_status":"closed","ping_status":"closed","template":"","meta":{"pagelayer_contact_templates":[],"_pagelayer_content":"","footnotes":""},"class_list":["post-18194","page","type-page","status-publish","hentry"],"_links":{"self":[{"href":"https:\/\/electromove.pt\/pt\/wp-json\/wp\/v2\/pages\/18194","targetHints":{"allow":["GET"]}}],"collection":[{"href":"https:\/\/electromove.pt\/pt\/wp-json\/wp\/v2\/pages"}],"about":[{"href":"https:\/\/electromove.pt\/pt\/wp-json\/wp\/v2\/types\/page"}],"author":[{"embeddable":true,"href":"https:\/\/electromove.pt\/pt\/wp-json\/wp\/v2\/users\/1"}],"replies":[{"embeddable":true,"href":"https:\/\/electromove.pt\/pt\/wp-json\/wp\/v2\/comments?post=18194"}],"version-history":[{"count":5,"href":"https:\/\/electromove.pt\/pt\/wp-json\/wp\/v2\/pages\/18194\/revisions"}],"predecessor-version":[{"id":18398,"href":"https:\/\/electromove.pt\/pt\/wp-json\/wp\/v2\/pages\/18194\/revisions\/18398"}],"wp:attachment":[{"href":"https:\/\/electromove.pt\/pt\/wp-json\/wp\/v2\/media?parent=18194"}],"curies":[{"name":"wp","href":"https:\/\/api.w.org\/{rel}","templated":true}]}}